{"id":1474,"date":"2022-01-12T15:34:22","date_gmt":"2022-01-12T14:34:22","guid":{"rendered":"https:\/\/www.bcda.be\/?page_id=1474"},"modified":"2023-10-23T10:53:54","modified_gmt":"2023-10-23T08:53:54","slug":"droit-a-limage","status":"publish","type":"page","link":"https:\/\/www.bcda.be\/index.php\/droit-a-limage\/","title":{"rendered":"Droit \u00e0 l&rsquo;image"},"content":{"rendered":"\n<p>Des photos peuvent \u00eatre prises au cours des matchs et autres \u00e9v\u00e9nements du BCDA. Sauf avis contraire, elles peuvent \u00eatre diffus\u00e9es sur le site internet du club ainsi que dans toutes autres publications li\u00e9es \u00e0 celui-ci (page Facebook, BCDA news, \u2026).<\/p>\n\n\n\n<p>Les photos qui figurent sur le site sont la propri\u00e9t\u00e9 du BCDA et ne peuvent \u00eatre utilis\u00e9es pour illustrer un autre site ou un blog sans autorisation pr\u00e9alable. Tout constat d&rsquo;infraction peut entra\u00eener des poursuites judiciaires<\/p>\n\n\n\n<p>Les parents qui souhaitent s\u2019opposer \u00e0 la prise de photos de leur enfant et\/ou \u00e0 leur diffusion, le signalent au d\u00e9l\u00e9gu\u00e9 de leur \u00e9quipe. Si vous souhaitez qu&rsquo;une photo personnelle n&rsquo;apparaisse pas, nous vous prions d&rsquo;en avertir par e-mail le webmaster en mentionnant faisant une copie de la photo en question.<\/p>\n","protected":false},"excerpt":{"rendered":"<p>Des photos peuvent \u00eatre prises au cours des matchs et autres \u00e9v\u00e9nements du BCDA. Sauf avis contraire, elles peuvent \u00eatre diffus\u00e9es sur le site internet du club ainsi que dans toutes autres publications li\u00e9es \u00e0 celui-ci (page Facebook, BCDA news, \u2026). Les photos qui figurent sur le site sont la propri\u00e9t\u00e9 du BCDA et ne [&hellip;]<\/p>\n","protected":false},"author":2,"featured_media":0,"parent":0,"menu_order":0,"comment_status":"closed","ping_status":"closed","template":"template-fullwidth.php","meta":{"footnotes":""},"class_list":["post-1474","page","type-page","status-publish","hentry"],"_links":{"self":[{"href":"https:\/\/www.bcda.be\/index.php\/wp-json\/wp\/v2\/pages\/1474","targetHints":{"allow":["GET"]}}],"collection":[{"href":"https:\/\/www.bcda.be\/index.php\/wp-json\/wp\/v2\/pages"}],"about":[{"href":"https:\/\/www.bcda.be\/index.php\/wp-json\/wp\/v2\/types\/page"}],"author":[{"embeddable":true,"href":"https:\/\/www.bcda.be\/index.php\/wp-json\/wp\/v2\/users\/2"}],"replies":[{"embeddable":true,"href":"https:\/\/www.bcda.be\/index.php\/wp-json\/wp\/v2\/comments?post=1474"}],"version-history":[{"count":1,"href":"https:\/\/www.bcda.be\/index.php\/wp-json\/wp\/v2\/pages\/1474\/revisions"}],"predecessor-version":[{"id":1476,"href":"https:\/\/www.bcda.be\/index.php\/wp-json\/wp\/v2\/pages\/1474\/revisions\/1476"}],"wp:attachment":[{"href":"https:\/\/www.bcda.be\/index.php\/wp-json\/wp\/v2\/media?parent=1474"}],"curies":[{"name":"wp","href":"https:\/\/api.w.org\/{rel}","templated":true}]}}