{"id":1611,"date":"2022-01-26T23:52:34","date_gmt":"2022-01-26T22:52:34","guid":{"rendered":"https:\/\/www.bcda.be\/?page_id=1611"},"modified":"2025-09-15T15:47:22","modified_gmt":"2025-09-15T13:47:22","slug":"les-regles-de-jeu","status":"publish","type":"page","link":"https:\/\/www.bcda.be\/index.php\/les-regles-de-jeu\/","title":{"rendered":"Les r\u00e8gles de jeu"},"content":{"rendered":"\n<p class=\"has-large-font-size\"><strong>Chronom\u00e9treur : fonctions<\/strong><\/p>\n\n\n\n<p>Le chronom\u00e9treur doit avoir un chronom\u00e8tre de jeu et un chronom\u00e8tre de temps-morts \u00e0 sa disposition et doit :<br>\u2022mesurer le temps de jeu, les temps-morts et les intervalles de jeu,<br>\u2022s\u2019assurer qu\u2019un signal sonore automatique tr\u00e8s puissant retentisse \u00e0 l\u2019expiration du temps de jeu d\u2019une p\u00e9riode,<br>\u2022utiliser tous les moyens possibles pour avertir imm\u00e9diatement les arbitres en cas de d\u00e9faillance de son signal ou si ce dernier n&rsquo;est pas entendu,<br>\u2022avertir les \u00e9quipes et les arbitres trois (3) minutes au moins avant le commencement de la troisi\u00e8me p\u00e9riode.<\/p>\n\n\n\n<p>Le chronom\u00e9treur doit mesurer le temps de jeu de la mani\u00e8re suivante :<br>\u2022d\u00e9clencher le chronom\u00e8tre de jeu lorsque :<br>\u2013 lors d\u2019un entre-deux, le ballon est l\u00e9galement touch\u00e9 par un sauteur,<br>\u2013 apr\u00e8s un dernier ou unique lancer franc manqu\u00e9 et que le ballon continue \u00e0 \u00eatre vivant, le ballon touche ou est touch\u00e9 par un joueur sur le terrain de jeu,<br>\u2013 lors d\u2019une remise en jeu, le ballon touche ou est touch\u00e9 par un joueur sur le terrain de jeu.<br>\u2022arr\u00eater le chronom\u00e8tre de jeu lorsque :<br>\u2013 le temps de jeu d\u2019une p\u00e9riode a pris fin, si le chronom\u00e8tre de jeu ne s\u2019est pas arr\u00eat\u00e9 automatiquement<br>\u2013 un arbitre a siffl\u00e9 alors que le ballon est vivant,<br>\u2013 un panier est marqu\u00e9 contre l\u2019\u00e9quipe qui a demand\u00e9 un temps-mort,<br>\u2013 un panier est marqu\u00e9 dans les deux (2) derni\u00e8res minutes de la quatri\u00e8me p\u00e9riode et les deux (2) derni\u00e8res minutes de toute prolongation,<br>\u2013 le signal sonore de l\u2019appareil des vingt-quatre (24) secondes retentit alors qu\u2019une \u00e9quipe contr\u00f4le le ballon.Le chronom\u00e9treur doit mesurer un temps-mort de la mani\u00e8re suivante :<br>\u2022d\u00e9clencher le chronom\u00e8tre des temps morts imm\u00e9diatement d\u00e8s que l\u2019arbitre fait le signal de temps-mort,<br>\u2022faire retentir son signal lorsque 50 secondes du temps-mort se sont \u00e9coul\u00e9es,<br>\u2022faire retentir son signal lorsque le temps-mort a pris fin.<br>Le chronom\u00e9treur doit mesurer un intervalle de jeu comme suit :<br>\u2022d\u00e9clencher le chronom\u00e8tre des temps morts imm\u00e9diatement \u00e0 la fin de la p\u00e9riode pr\u00e9c\u00e9dente,<br>\u2022faire retentir son signal lorsqu\u2019il reste trois (3) minutes, puis une (1) minute et (trente) 30 secondes avant le commencement de la premi\u00e8re et de la troisi\u00e8me p\u00e9riode,<br>\u2022faire retentir son signal lorsqqu\u2019il reste (trente) 30 secondes avant le commencement de la seconde, de la quatri\u00e8me et de chaque prolongation.<br>\u2022faire retentir son signal et arr\u00eater simultan\u00e9ment le chronom\u00e8tre des temps morts imm\u00e9diatement d\u00e8s qu\u2019un intervalle de jeu a pris fin<\/p>\n\n\n\n<hr class=\"wp-block-separator has-css-opacity\"\/>\n\n\n\n<p class=\"has-large-font-size\"><strong>R\u00e8gle des 24 secondes<\/strong><\/p>\n\n\n\n<p>L\u2019\u00e9quipe qui poss\u00e8de le ballon a 24 secondes pour d\u00e9clencher un tir avant la fin du d\u00e9compte. Mais attention, le ballon doit quitter les mains du joueur avant la fin du temps imparti et surtout, il doit toucher l\u2019anneau ! Si ce n\u2019est pas le cas, alors les 24 secondes seront siffl\u00e9es et la balle sera rendue \u00e0 l\u2019\u00e9quipe adverse !<\/p>\n\n\n\n<p>Si au cours des 24 secondes, une infraction est siff\u00e9e et que la possession reste \u00e0 la m\u00eame \u00e9quipe,&nbsp;le temps continue d\u2019\u00eatre d\u00e9compt\u00e9 s&rsquo;il restait plus de 14 secondes, s&rsquo;il en restait moins, alors le compteur repartira \u00e0 14 secondes.<\/p>\n\n\n\n<p><em><strong>Alors comment \u00e9viter cela ?&nbsp;<\/strong><\/em>Non, pas besoin de se pr\u00e9cipiter ! L\u2019arbitre annoncera \u00e0 voix haute quand il restera 8 secondes pour tirer. Et l\u00e0, \u00e0 vous de trouver un tir ouvert pour votre \u00e9quipe.<\/p>\n\n\n\n<hr class=\"wp-block-separator has-css-opacity\"\/>\n\n\n\n<p class=\"has-large-font-size\"><strong>8 SECONDES : POUR PASSER EN ZONE AVANT<\/strong><\/p>\n\n\n\n<p>8 secondes, c\u2019est le temps que vous avez pour passer le milieu de terrain (de la zone arri\u00e8re \u00e0 la zone avant). Ce temps fait partie des 24 secondes qui vous sont imparties pour d\u00e9clencher un tir.<\/p>\n\n\n\n<p>Si la balle sort ou si un entre-deux est siffl\u00e9 et que l\u2019\u00e9quipe garde la possession, le d\u00e9compte continuera et l\u2019arbitre vous indiquera le temps qu\u2019il vous reste pour passer la ligne m\u00e9diane.<\/p>\n\n\n\n<p><strong>Quand est-on&nbsp;consid\u00e9r\u00e9 en zone avant ?<\/strong>&nbsp;Quand le joueur qui poss\u00e8de la balle a pass\u00e9 la ligne m\u00e9diane avec les deux pieds et le ballon.<\/p>\n\n\n\n<hr class=\"wp-block-separator has-css-opacity\"\/>\n\n\n\n<p class=\"has-large-font-size\"><strong>3 SECONDES : CAMPING INTERDIT DANS LA RAQUETTE<\/strong><\/p>\n\n\n\n<p>Vous avez peut-\u00eatre d\u00e9j\u00e0 entendu votre coach vous le dire : la raquette, c\u2019est un lieu de passage ! En effet, un joueur en attaque ne peut pas rester plus de 3 secondes dans la raquette adverse&nbsp;quand le ballon est en zone avant, sinon, c\u2019est balle \u00e0 l\u2019adversaire !<\/p>\n\n\n\n<p>Une tol\u00e9rance est appliqu\u00e9e sur les 3 secondes quand :<\/p>\n\n\n\n<p>&#8211; un tir est d\u00e9clench\u00e9<\/p>\n\n\n\n<p>&#8211; le joueur est en train de dribbler<\/p>\n\n\n\n<p>&#8211; le joueur est sur le point de quitter la zone restrictive<\/p>\n\n\n\n<p><strong>Pourquoi \u00e9viter de planter sa tente dans la raquette ?<\/strong>&nbsp;Il n\u2019y a pas de secret, \u00eatre en mouvement est primordial au basket. Ca cr\u00e9e des possibilit\u00e9s de jeu pour votre \u00e9quipe et \u00e7a \u00e9vite de la boucher l\u2019acc\u00e8s au panier.<\/p>\n\n\n\n<hr class=\"wp-block-separator has-css-opacity\"\/>\n\n\n\n<p class=\"has-large-font-size\"><strong>5 SECONDES :<\/strong><\/p>\n\n\n\n<p>Cette r\u00e8gle s\u2019applique principalement dans deux situations :<\/p>\n\n\n\n<p>&#8211;&nbsp;<em><strong>la remise en jeu<\/strong><\/em>&nbsp;: vous avez 5 secondes pour l\u2019effectuer. D\u2019ailleurs, vous verrez souvent l\u2019arbitre \u00e0 vos c\u00f4t\u00e9s, un bras en l\u2019air pour indiquer la lancement du chrono \u00e0 la table et un bras qui s\u2019agite \u00e0 l\u2019horizontal pour d\u00e9compter les secondes ! Et si vous ne l\u00e2chez pas votre ballon dans les temps, balle \u00e0 l\u2019adversaire !<\/p>\n\n\n\n<p>&#8211;&nbsp;<em><strong>les lancers francs<\/strong><\/em>&nbsp;: vous avez \u00e9galement 5 secondes pour tirer votre lancer franc. Pas de panique, vous avez tout de m\u00eame le temps de vous concentrer et de r\u00e9aliser votre petite routine pour tirer sereinement. Par contre, si c\u2019est votre dernier lancer franc et que vous prenez trop de temps, la balle sera donn\u00e9e \u00e0 l\u2019\u00e9quipe adverse !<\/p>\n\n\n\n<hr class=\"wp-block-separator has-css-opacity\"\/>\n\n\n\n<p class=\"has-large-font-size\"><strong>Comment remplir une feuille de match<\/strong><\/p>\n\n\n\n<p><a rel=\"noreferrer noopener\" href=\"https:\/\/www.bcda.be\/wp-content\/uploads\/2021\/10\/comment-remplir-une-feuille-de-match-U8.pdf\" target=\"_blank\">Comment remplir une feuille de match U8<\/a><\/p>\n\n\n\n<p><a href=\"https:\/\/www.bcda.be\/wp-content\/uploads\/2021\/10\/comment-remplir-une-feuille-de-match-U10.pdf\" target=\"_blank\" rel=\"noreferrer noopener\">Comment remplir une feuille de match U10<\/a><\/p>\n\n\n\n<p><a href=\"https:\/\/www.bcda.be\/wp-content\/uploads\/2021\/10\/comment-remplir-une-feuille-de-match-U12.pdf\" target=\"_blank\" rel=\"noreferrer noopener\">Comment remplir une feuille de match U12<\/a><\/p>\n\n\n\n<p><a rel=\"noreferrer noopener\" href=\"https:\/\/www.bcda.be\/wp-content\/uploads\/2021\/10\/Comment-remplir-la-feuille-de-match-U14-\u2013-adultes.pdf\" target=\"_blank\">Comment remplir la feuille de match U14 \u2013 adultes<\/a><\/p>\n\n\n\n<hr class=\"wp-block-separator has-alpha-channel-opacity\"\/>\n\n\n\n<p class=\"has-large-font-size\"><strong>d\u00e9l\u00e9gu\u00e9s<\/strong><\/p>\n\n\n\n<p id=\"block-9510bcee-c737-4055-b63f-e3845bcb1407\">Aux parents des groupes juniors et des premi\u00e8res cat\u00e9gories des groupes adultes.<\/p>\n\n\n\n<p id=\"block-d9bce773-2e7c-4b99-b366-c697a557f4e6\">Votre enfant \u00e9volue et, on l\u2019esp\u00e8re, s\u2019\u00e9panouit au sein du club de basket Dison Andrimont au rythme de 1 ou 2&nbsp;entra\u00eenement(s) par semaine et de 1 match par week-end.<\/p>\n\n\n\n<p id=\"block-88c6daf4-3cd8-4131-8527-89e22e4eff3f\">Pour chaque match de la saison de championnat, la f\u00e9d\u00e9ration AWBB <strong>EXIGE <\/strong>des d\u00e9l\u00e9gu\u00e9s d\u2019\u00e9quipe affili\u00e9s au club.<\/p>\n\n\n\n<p id=\"block-1f27fc1c-06cb-4f18-a775-17904c0bb05c\">Vous vous posez sans doute la question de savoir ce qu\u2019est un d\u00e9l\u00e9gu\u00e9 et quel est son but.<\/p>\n\n\n\n<p id=\"block-2e69c26a-2e4d-4d77-ad09-d45dd9d739ee\">Le d\u00e9l\u00e9gu\u00e9 d\u2019\u00e9quipe est une personne, affili\u00e9e au club, qui s\u2019occupera de la table de marquage, de la feuille de match, du contr\u00f4le des 24 secondes (\u00e0 partir des U14) ou tout simplement de g\u00e9rer l\u2019\u00e9quipe sur le banc.<\/p>\n\n\n\n<p id=\"block-e735a2d0-1d52-4dca-9fad-58cde6872f8e\">Rassurez vous, il n\u2019y a rien \u00e0 payer, il faudra juste un peu d\u2019investissement de votre part quand il y a des matchs et un peu d\u2019\u00e9tude pour apprendre \u00e0 utiliser le marquoir et\/ou la feuille de match (petits manuels explicatifs sur les feuilles de matchs de chaque cat\u00e9gorie sur notre site web).<\/p>\n\n\n\n<p id=\"block-fade591b-15cb-4276-9b4d-57bb4d327e34\">Comment se r\u00e9partissent les d\u00e9l\u00e9gu\u00e9s&nbsp;?<\/p>\n\n\n\n<p id=\"block-1cead7c4-df1f-4f27-af80-8be7b8900f79\">Quand nous recevons le match \u00e0 domicile, il faudra toujours<\/p>\n\n\n\n<ul id=\"block-6e6307b6-32b3-4c35-8a06-6fe4dd4730fc\" class=\"wp-block-list\">\n<li>Un chronom\u00e9treur (\u00e9quipe home)<\/li>\n\n\n\n<li>Un marqueur (\u00e9quipe visiteur)<\/li>\n\n\n\n<li>Un contr\u00f4leur 24 sec (\u00e9quipe home) NE CONCERNE QUE LES SECTIONS A PARTIR DES U14<\/li>\n\n\n\n<li>Un d\u00e9l\u00e9gu\u00e9 banc A (\u00e9quipe home)<\/li>\n\n\n\n<li>Un d\u00e9l\u00e9gu\u00e9 banc B (\u00e9quipe visiteur)<\/li>\n<\/ul>\n\n\n\n<p id=\"block-fb7076a5-62de-4504-b051-91fa6a689ec8\">Pour les sections jeunes (U8 \u2013 U10 \u2013 U12), la f\u00e9d\u00e9ration est tr\u00e8s souple concernant la pr\u00e9sence du d\u00e9l\u00e9gu\u00e9 banc (elle est toutefois quand m\u00eame conseill\u00e9e). Le chronom\u00e9treur (home) \/marqueur (d\u00e9placement) est en revanche obligatoire.<\/p>\n\n\n\n<p id=\"block-58eee16c-2abc-487b-a869-6e9694ed1ec3\">Pour les sections adultes, vu que le championnat est officiel, la f\u00e9d\u00e9ration <strong>EXIGE <\/strong>le nombre exact de d\u00e9l\u00e9gu\u00e9s (3&nbsp;en home, 2 en visiteur).<\/p>\n\n\n\n<p id=\"block-d3fb6325-2432-4860-bb73-1264e684ab02\">Il faut savoir que la f\u00e9d\u00e9ration fait payer une amende, voir m\u00eame d\u00e9clare l\u2019\u00e9quipe forfait, \u00e0 chaque fois qu\u2019une condition n\u2019est pas remplie. C\u2019est injuste mais nous n\u2019y pouvons rien, c\u2019est le r\u00e8glement.<\/p>\n\n\n\n<p id=\"block-2f881545-84a7-482a-8554-6b795661585e\">Seriez vous partant pour vous investir un petit peu dans le club et de devenir d\u00e9l\u00e9gu\u00e9 d\u2019\u00e9quipe pour les matchs de la saison de votre enfant.<\/p>\n\n\n\n<p id=\"block-3666a16c-355a-46ca-8f94-f6e582ceb693\">Si vous \u00eates int\u00e9ress\u00e9, vous pouvez envoyer un mail sur info@bcda.be et me faire part de votre demande afin que vous fasse une licence.<\/p>\n","protected":false},"excerpt":{"rendered":"<p>Chronom\u00e9treur : fonctions Le chronom\u00e9treur doit avoir un chronom\u00e8tre de jeu et un chronom\u00e8tre de temps-morts \u00e0 sa disposition et doit :\u2022mesurer le temps de jeu, les temps-morts et les intervalles de jeu,\u2022s\u2019assurer qu\u2019un signal sonore automatique tr\u00e8s puissant retentisse \u00e0 l\u2019expiration du temps de jeu d\u2019une p\u00e9riode,\u2022utiliser tous les moyens possibles pour avertir imm\u00e9diatement [&hellip;]<\/p>\n","protected":false},"author":2,"featured_media":0,"parent":0,"menu_order":0,"comment_status":"closed","ping_status":"closed","template":"template-fullwidth.php","meta":{"footnotes":""},"class_list":["post-1611","page","type-page","status-publish","hentry"],"_links":{"self":[{"href":"https:\/\/www.bcda.be\/index.php\/wp-json\/wp\/v2\/pages\/1611","targetHints":{"allow":["GET"]}}],"collection":[{"href":"https:\/\/www.bcda.be\/index.php\/wp-json\/wp\/v2\/pages"}],"about":[{"href":"https:\/\/www.bcda.be\/index.php\/wp-json\/wp\/v2\/types\/page"}],"author":[{"embeddable":true,"href":"https:\/\/www.bcda.be\/index.php\/wp-json\/wp\/v2\/users\/2"}],"replies":[{"embeddable":true,"href":"https:\/\/www.bcda.be\/index.php\/wp-json\/wp\/v2\/comments?post=1611"}],"version-history":[{"count":6,"href":"https:\/\/www.bcda.be\/index.php\/wp-json\/wp\/v2\/pages\/1611\/revisions"}],"predecessor-version":[{"id":8030,"href":"https:\/\/www.bcda.be\/index.php\/wp-json\/wp\/v2\/pages\/1611\/revisions\/8030"}],"wp:attachment":[{"href":"https:\/\/www.bcda.be\/index.php\/wp-json\/wp\/v2\/media?parent=1611"}],"curies":[{"name":"wp","href":"https:\/\/api.w.org\/{rel}","templated":true}]}}