{"id":2104,"date":"2022-04-06T15:52:13","date_gmt":"2022-04-06T13:52:13","guid":{"rendered":"https:\/\/www.bcda.be\/?page_id=2104"},"modified":"2025-06-23T10:10:59","modified_gmt":"2025-06-23T08:10:59","slug":"documentstransfert","status":"publish","type":"page","link":"https:\/\/www.bcda.be\/index.php\/documentstransfert\/","title":{"rendered":"Transferts et d\u00e9saffiliations"},"content":{"rendered":"\n<p><a href=\"https:\/\/www.bcda.be\/wp-content\/uploads\/2024\/05\/demissionmutation.pdf\" target=\"_blank\" rel=\"noreferrer noopener\">Lettre de d\u00e9mission avec accus\u00e9 de r\u00e9ception<\/a> (PDF)<\/p>\n\n\n\n<p><a href=\"https:\/\/www.bcda.be\/wp-content\/uploads\/2024\/05\/demissionmutation.docx\" target=\"_blank\" rel=\"noreferrer noopener\">Lettre de d\u00e9mission + accus\u00e9 de r\u00e9ception pour mutation<\/a> (word)<\/p>\n\n\n\n<p><a rel=\"noreferrer noopener\" href=\"https:\/\/www.bcda.be\/wp-content\/uploads\/2022\/01\/formulairemutation.pdf\" target=\"_blank\">Formulaire de mutation (en p\u00e9riode de transferts du 1\/05 au 31\/05)<\/a><\/p>\n\n\n\n<p><a href=\"https:\/\/www.bcda.be\/wp-content\/uploads\/2022\/01\/formulairedesadm.pdf\">Formulaire de d\u00e9saffiliation <\/a><a rel=\"noreferrer noopener\" href=\"https:\/\/www.awbb.be\/wp-content\/uploads\/2018\/05\/formulairedesadm.pdf\" target=\"_blank\">administrative<\/a> (durant la saison du 1\/06 au 30\/04)<\/p>\n\n\n\n<hr class=\"wp-block-separator has-alpha-channel-opacity\"\/>\n\n\n\n<p><strong>Petit rappel<\/strong><\/p>\n\n\n\n<p><strong>La p\u00e9riode de transfert se fait uniquement au mois de mai.<\/strong><\/p>\n\n\n\n<p>Pour qu&rsquo;un transfert soit en ordre il faut remplir le <a href=\"https:\/\/www.bcda.be\/wp-content\/uploads\/2022\/01\/formulairemutation.pdf\" target=\"_blank\" rel=\"noreferrer noopener\">formulaire de transfert<\/a> dans le nouveau club et le signer (signature des parents pour les joueurs mineur)<\/p>\n\n\n\n<p>Il faut \u00e9galement remplir la lettre de d\u00e9mission a envoyer a votre ancien club (<a href=\"https:\/\/view.officeapps.live.com\/op\/view.aspx?src=https%3A%2F%2Fwww.bcda.be%2Fwp-content%2Fuploads%2F2024%2F05%2Fdemissionmutation.docx&amp;wdOrigin=BROWSELINK\" target=\"_blank\" rel=\"noreferrer noopener\">Word <\/a>ou <a href=\"https:\/\/www.bcda.be\/wp-content\/uploads\/2024\/05\/demissionmutation.pdf\" target=\"_blank\" rel=\"noreferrer noopener\">PDF<\/a>)<\/p>\n\n\n\n<p>Afin de vous faciliter la t\u00e2che, vous pouvez nous laisser la lettre de d\u00e9mission jointe avec le formulaire, nous nous chargerons de l&rsquo;envoyer a votre ancien club.<\/p>\n\n\n\n<hr class=\"wp-block-separator has-alpha-channel-opacity\"\/>\n\n\n\n<p><strong>En dehors du mois de Mai, cela s&rsquo;appelle une d\u00e9saffiliation administrative<\/strong>.<\/p>\n\n\n\n<p>Il faudra remplir le <a href=\"https:\/\/www.awbb.be\/wp-content\/uploads\/2018\/05\/formulairedesadm.pdf\" target=\"_blank\" rel=\"noreferrer noopener\">formulaire<\/a> en annexe. <\/p>\n\n\n\n<p>Les joueurs senior ayant d\u00e9j\u00e0 fait un match officiel dans leur club ne pourrons pas avoir droit a une d\u00e9saffiliation administrative.<\/p>\n\n\n\n<p>Cette r\u00e8gle n&rsquo;est pas d&rsquo;application pour les jeunes<\/p>\n\n\n\n<p><\/p>\n","protected":false},"excerpt":{"rendered":"<p>Lettre de d\u00e9mission avec accus\u00e9 de r\u00e9ception (PDF) Lettre de d\u00e9mission + accus\u00e9 de r\u00e9ception pour mutation (word) Formulaire de mutation (en p\u00e9riode de transferts du 1\/05 au 31\/05) Formulaire de d\u00e9saffiliation administrative (durant la saison du 1\/06 au 30\/04) Petit rappel La p\u00e9riode de transfert se fait uniquement au mois de mai. Pour qu&rsquo;un [&hellip;]<\/p>\n","protected":false},"author":2,"featured_media":0,"parent":0,"menu_order":0,"comment_status":"closed","ping_status":"closed","template":"template-fullwidth.php","meta":{"footnotes":""},"class_list":["post-2104","page","type-page","status-publish","hentry"],"_links":{"self":[{"href":"https:\/\/www.bcda.be\/index.php\/wp-json\/wp\/v2\/pages\/2104","targetHints":{"allow":["GET"]}}],"collection":[{"href":"https:\/\/www.bcda.be\/index.php\/wp-json\/wp\/v2\/pages"}],"about":[{"href":"https:\/\/www.bcda.be\/index.php\/wp-json\/wp\/v2\/types\/page"}],"author":[{"embeddable":true,"href":"https:\/\/www.bcda.be\/index.php\/wp-json\/wp\/v2\/users\/2"}],"replies":[{"embeddable":true,"href":"https:\/\/www.bcda.be\/index.php\/wp-json\/wp\/v2\/comments?post=2104"}],"version-history":[{"count":13,"href":"https:\/\/www.bcda.be\/index.php\/wp-json\/wp\/v2\/pages\/2104\/revisions"}],"predecessor-version":[{"id":7989,"href":"https:\/\/www.bcda.be\/index.php\/wp-json\/wp\/v2\/pages\/2104\/revisions\/7989"}],"wp:attachment":[{"href":"https:\/\/www.bcda.be\/index.php\/wp-json\/wp\/v2\/media?parent=2104"}],"curies":[{"name":"wp","href":"https:\/\/api.w.org\/{rel}","templated":true}]}}