{"id":38,"date":"2021-05-15T00:04:52","date_gmt":"2021-05-14T22:04:52","guid":{"rendered":"https:\/\/www.bcda.be\/?page_id=38"},"modified":"2026-04-13T11:45:35","modified_gmt":"2026-04-13T09:45:35","slug":"documents-medicaux-mutuelles","status":"publish","type":"page","link":"https:\/\/www.bcda.be\/index.php\/documents-medicaux-mutuelles\/","title":{"rendered":"Documents m\u00e9dicaux &#038; mutuelles"},"content":{"rendered":"\n<p class=\"has-large-font-size\"><strong>Mutuelle<\/strong><\/p>\n\n\n\n<p><a href=\"https:\/\/www.bcda.be\/wp-content\/uploads\/2025\/06\/2025-2026-neutre-SC-sport-Copie.pdf\" target=\"_blank\" rel=\"noreferrer noopener\">Document mutualit\u00e9 neutre<\/a><\/p>\n\n\n\n<p><a href=\"https:\/\/www.bcda.be\/wp-content\/uploads\/2025\/06\/2025-2026-chretienne-sport-demande-intervention-1.pdf\" target=\"_blank\" rel=\"noreferrer noopener\">Document mutualit\u00e9 chr\u00e9tienne<\/a><\/p>\n\n\n\n<p><a href=\"https:\/\/www.bcda.be\/wp-content\/uploads\/2025\/06\/2025-2026-solidaris-adulte-Copie.pdf\" data-type=\"link\" data-id=\"https:\/\/www.bcda.be\/wp-content\/uploads\/2025\/06\/2025-2026-solidaris-adulte-Copie.pdf\" target=\"_blank\" rel=\"noreferrer noopener\">Document mutualit\u00e9 solidaris &#8211; adulte<\/a><\/p>\n\n\n\n<p><a href=\"https:\/\/www.bcda.be\/wp-content\/uploads\/2025\/06\/2025-2026-solidaris-enfants-Copie.pdf\" target=\"_blank\" rel=\"noreferrer noopener\">Document mutualit\u00e9 solidaris &#8211; jeune<\/a><\/p>\n\n\n\n<p><a href=\"https:\/\/www.bcda.be\/wp-content\/uploads\/2025\/06\/2025-2026-partenamut-Copie.pdf\" data-type=\"link\" data-id=\"https:\/\/www.bcda.be\/wp-content\/uploads\/2025\/06\/2025-2026-partenamut-Copie.pdf\" target=\"_blank\" rel=\"noreferrer noopener\">Document mutualit\u00e9 partenamut<\/a><\/p>\n\n\n\n<hr class=\"wp-block-separator has-css-opacity\"\/>\n\n\n\n<p class=\"has-large-font-size\"><strong>Les certificats m\u00e9dicaux<\/strong><\/p>\n\n\n\n<p>La f\u00e9d\u00e9ration AWBB <strong>EXIGE<\/strong> que les certificats m\u00e9dicaux soient ceux de la f\u00e9d\u00e9ration et nul autre.<\/p>\n\n\n\n<p>Cela ne d\u00e9pend pas du club mais de la f\u00e9d\u00e9ration.<\/p>\n\n\n\n<p>D\u00e9but de saison, un certain nombre de certificats seront imprim\u00e9s et plac\u00e9s \u00e0 votre disposition \u00e0 la caf\u00e9t\u00e9ria. Pour en avoir, il suffit de demander \u00e0 votre coach.<\/p>\n\n\n\n<p><a href=\"https:\/\/www.bcda.be\/wp-content\/uploads\/2026\/04\/CM2627-new.pdf\" target=\"_blank\" rel=\"noreferrer noopener\">Certificat m\u00e9dical 2026-2027 (format A4)<\/a><\/p>\n\n\n\n<p><a rel=\"noreferrer noopener\" href=\"https:\/\/www.bcda.be\/wp-content\/uploads\/2021\/05\/10-2017-2018-Instructions-certificat-medical.pdf\" target=\"_blank\">Instructions certificat m\u00e9dical<\/a><\/p>\n\n\n\n<hr class=\"wp-block-separator has-css-opacity\"\/>\n\n\n\n<p class=\"has-large-font-size\"><strong>D\u00e9claration d&rsquo;accident<\/strong><\/p>\n\n\n\n<p><a href=\"https:\/\/www.bcda.be\/wp-content\/uploads\/2025\/11\/Declaration-accident-Ethias-V2025.2.pdf\" target=\"_blank\" rel=\"noreferrer noopener\">D\u00e9claration d\u2019accident<\/a><\/p>\n","protected":false},"excerpt":{"rendered":"<p>Mutuelle Document mutualit\u00e9 neutre Document mutualit\u00e9 chr\u00e9tienne Document mutualit\u00e9 solidaris &#8211; adulte Document mutualit\u00e9 solidaris &#8211; jeune Document mutualit\u00e9 partenamut Les certificats m\u00e9dicaux La f\u00e9d\u00e9ration AWBB EXIGE que les certificats m\u00e9dicaux soient ceux de la f\u00e9d\u00e9ration et nul autre. Cela ne d\u00e9pend pas du club mais de la f\u00e9d\u00e9ration. D\u00e9but de saison, un certain nombre [&hellip;]<\/p>\n","protected":false},"author":2,"featured_media":0,"parent":0,"menu_order":0,"comment_status":"closed","ping_status":"closed","template":"template-fullwidth.php","meta":{"footnotes":""},"class_list":["post-38","page","type-page","status-publish","hentry"],"_links":{"self":[{"href":"https:\/\/www.bcda.be\/index.php\/wp-json\/wp\/v2\/pages\/38","targetHints":{"allow":["GET"]}}],"collection":[{"href":"https:\/\/www.bcda.be\/index.php\/wp-json\/wp\/v2\/pages"}],"about":[{"href":"https:\/\/www.bcda.be\/index.php\/wp-json\/wp\/v2\/types\/page"}],"author":[{"embeddable":true,"href":"https:\/\/www.bcda.be\/index.php\/wp-json\/wp\/v2\/users\/2"}],"replies":[{"embeddable":true,"href":"https:\/\/www.bcda.be\/index.php\/wp-json\/wp\/v2\/comments?post=38"}],"version-history":[{"count":55,"href":"https:\/\/www.bcda.be\/index.php\/wp-json\/wp\/v2\/pages\/38\/revisions"}],"predecessor-version":[{"id":8727,"href":"https:\/\/www.bcda.be\/index.php\/wp-json\/wp\/v2\/pages\/38\/revisions\/8727"}],"wp:attachment":[{"href":"https:\/\/www.bcda.be\/index.php\/wp-json\/wp\/v2\/media?parent=38"}],"curies":[{"name":"wp","href":"https:\/\/api.w.org\/{rel}","templated":true}]}}