{"id":68,"date":"2021-05-15T00:44:09","date_gmt":"2021-05-14T22:44:09","guid":{"rendered":"https:\/\/www.bcda.be\/?page_id=68"},"modified":"2026-01-27T11:48:25","modified_gmt":"2026-01-27T10:48:25","slug":"le-comite","status":"publish","type":"page","link":"https:\/\/www.bcda.be\/index.php\/le-comite\/","title":{"rendered":"Le comit\u00e9"},"content":{"rendered":"\n<figure class=\"wp-block-table is-style-stripes\"><table class=\"has-fixed-layout\"><tbody><tr><td class=\"has-text-align-left\" data-align=\"left\"><strong>PR\u00c9SIDENT <\/strong>: <em>Guillaume LIEGEOIS<\/em><br><a href=\"mailto:Liegeoisg@skynet.be\" data-type=\"mailto\" data-id=\"mailto:Liegeoisg@skynet.be\">mail<\/a><\/td><td class=\"has-text-align-left\" data-align=\"left\"><strong>VICE-PR\u00c9SIDENT<\/strong> : <em>Jordan VIEILVOYE<\/em><br><a href=\"mailto:jordan.vieilvoye@hotmail.com\" data-type=\"mailto\" data-id=\"mailto:jordan.vieilvoye@hotmail.com\">mail<\/a><\/td><\/tr><tr><td class=\"has-text-align-left\" data-align=\"left\"><\/td><td class=\"has-text-align-left\" data-align=\"left\"><\/td><\/tr><tr><td class=\"has-text-align-left\" data-align=\"left\"><strong>SECRETAIRE<\/strong>: <em>C\u00e9dric BOVY<\/em><br><em>0491\/747963<\/em><br><a href=\"mailto:info@bcda.be\" data-type=\"link\" data-id=\"info@bcda.be\">mail<\/a><br><br><\/td><td class=\"has-text-align-left\" data-align=\"left\"><strong>TRESORERIE<\/strong>: <em>David COLLARD<\/em><br><a href=\"mailto:tresorerie@bcda.be\" data-type=\"mailto\" data-id=\"mailto:tresorerie@bcda.be\">mail<\/a><br><\/td><\/tr><tr><td class=\"has-text-align-left\" data-align=\"left\"><\/td><td class=\"has-text-align-left\" data-align=\"left\"><\/td><\/tr><tr><td class=\"has-text-align-left\" data-align=\"left\"><strong>CELLULE SPORTIVE:<\/strong> <br><em><em>Xavier CORTISSE<\/em><\/em><br><a href=\"mailto:Tsport@bcda.be\" data-type=\"mailto\" data-id=\"mailto:Tsport@bcda.be\">mail<\/a><br>| Coordinateur sportif<br><br><em><em>Nicolas DUPUIS<\/em><\/em> <br><em><a href=\"mailto:nicolasdup96@gmail.com\" data-type=\"mailto\" data-id=\"mailto:nicolasdup96@gmail.com\">mail<\/a><\/em><br>| Coordinateur sportif dames<\/td><td class=\"has-text-align-left\" data-align=\"left\"><strong>MATERIEL<\/strong> <strong>SPORTIF<\/strong>:<br><em><em>Xavier CORTISSE<\/em><\/em><br><a href=\"mailto:Tsport@bcda.be\" data-type=\"mailto\" data-id=\"mailto:Tsport@bcda.be\">mail<\/a><\/td><\/tr><tr><td class=\"has-text-align-left\" data-align=\"left\"><\/td><td class=\"has-text-align-left\" data-align=\"left\"><\/td><\/tr><tr><td class=\"has-text-align-left\" data-align=\"left\"><strong>GESTION BAR<\/strong>: <em>Jordan VIEILVOYE<\/em><br><a href=\"mailto:jordan.vieilvoye@hotmail.com\" data-type=\"mailto\" data-id=\"mailto:jordan.vieilvoye@hotmail.com\">mail<\/a> <br><\/td><td class=\"has-text-align-left\" data-align=\"left\"><strong>EVENEMENTIEL<\/strong>: <em>Cyrielle JACOB<\/em><br><a href=\"mailto:events@bcda.be\" data-type=\"mailto\" data-id=\"mailto:Cedricbovy@live.be\">mail<\/a><br><\/td><\/tr><tr><td class=\"has-text-align-left\" data-align=\"left\"><\/td><td class=\"has-text-align-left\" data-align=\"left\"><\/td><\/tr><tr><td class=\"has-text-align-left\" data-align=\"left\"><strong>MARKETING &amp; RESEAUX SOCIAUX: <\/strong><br><em>David COLLARD <a href=\"mailto:marketing@bcda.be\" data-type=\"mailto\" data-id=\"mailto:kylun2004@hotmail.com\">mail<\/a><\/em><br><\/td><td class=\"has-text-align-left\" data-align=\"left\"><strong>SITE WEB:<\/strong> <br><em>David COLLARD <\/em><em><a href=\"mailto:marketing@bcda.be\" data-type=\"mailto\" data-id=\"mailto:kylun2004@hotmail.com\">mail<\/a><\/em><br><\/td><\/tr><tr><td class=\"has-text-align-left\" data-align=\"left\"><\/td><td class=\"has-text-align-left\" data-align=\"left\"><\/td><\/tr><tr><td class=\"has-text-align-left\" data-align=\"left\"><\/td><td class=\"has-text-align-left\" data-align=\"left\"><\/td><\/tr><\/tbody><\/table><\/figure>\n\n\n\n<p><a href=\"https:\/\/www.bcda.be\/wp-admin\/post.php?post=5434&amp;action=edit#\"><\/a><\/p>\n","protected":false},"excerpt":{"rendered":"<p>PR\u00c9SIDENT : Guillaume LIEGEOISmail VICE-PR\u00c9SIDENT : Jordan VIEILVOYEmail SECRETAIRE: C\u00e9dric BOVY0491\/747963mail TRESORERIE: David COLLARDmail CELLULE SPORTIVE: Xavier CORTISSEmail| Coordinateur sportif Nicolas DUPUIS mail| Coordinateur sportif dames MATERIEL SPORTIF:Xavier CORTISSEmail GESTION BAR: Jordan VIEILVOYEmail EVENEMENTIEL: Cyrielle JACOBmail MARKETING &amp; RESEAUX SOCIAUX: David COLLARD mail SITE WEB: David COLLARD mail<\/p>\n","protected":false},"author":2,"featured_media":0,"parent":0,"menu_order":0,"comment_status":"closed","ping_status":"closed","template":"template-fullwidth.php","meta":{"footnotes":""},"class_list":["post-68","page","type-page","status-publish","hentry"],"_links":{"self":[{"href":"https:\/\/www.bcda.be\/index.php\/wp-json\/wp\/v2\/pages\/68","targetHints":{"allow":["GET"]}}],"collection":[{"href":"https:\/\/www.bcda.be\/index.php\/wp-json\/wp\/v2\/pages"}],"about":[{"href":"https:\/\/www.bcda.be\/index.php\/wp-json\/wp\/v2\/types\/page"}],"author":[{"embeddable":true,"href":"https:\/\/www.bcda.be\/index.php\/wp-json\/wp\/v2\/users\/2"}],"replies":[{"embeddable":true,"href":"https:\/\/www.bcda.be\/index.php\/wp-json\/wp\/v2\/comments?post=68"}],"version-history":[{"count":103,"href":"https:\/\/www.bcda.be\/index.php\/wp-json\/wp\/v2\/pages\/68\/revisions"}],"predecessor-version":[{"id":8446,"href":"https:\/\/www.bcda.be\/index.php\/wp-json\/wp\/v2\/pages\/68\/revisions\/8446"}],"wp:attachment":[{"href":"https:\/\/www.bcda.be\/index.php\/wp-json\/wp\/v2\/media?parent=68"}],"curies":[{"name":"wp","href":"https:\/\/api.w.org\/{rel}","templated":true}]}}