{"id":85,"date":"2021-05-15T00:53:31","date_gmt":"2021-05-14T22:53:31","guid":{"rendered":"https:\/\/www.bcda.be\/?page_id=85"},"modified":"2024-11-15T09:34:20","modified_gmt":"2024-11-15T08:34:20","slug":"historique-du-club","status":"publish","type":"page","link":"https:\/\/www.bcda.be\/index.php\/historique-du-club\/","title":{"rendered":"Historique du club"},"content":{"rendered":"\n<p>D\u2019abord cr\u00e9\u00e9 sous le nom MARY-PPV le 25 juin 1964 le club a d\u2019abord jou\u00e9 sous les couleur vertes et blanches sur le terrain ext\u00e9rieur de la plaine du Mary a Andrimont.<\/p>\n\n\n\n<p>Plus ou moins un an plus tard le club changeait de nom pour devenir Andrimont Basket Club (A.B.C.) sous les couleur jaune et bleue.<\/p>\n\n\n\n<p><strong>presse . 1973 &#8211; Mont\u00e9e en P1 du BC Andrimont<\/strong><\/p>\n\n\n\n<figure class=\"wp-block-image size-large\"><img loading=\"lazy\" decoding=\"async\" width=\"724\" height=\"1024\" src=\"https:\/\/www.bcda.be\/wp-content\/uploads\/2024\/03\/presse-.-1973-Montee-en-P1-du-BC-Andrimont-Mat-724x1024.jpg\" alt=\"\" class=\"wp-image-6093\" srcset=\"https:\/\/www.bcda.be\/wp-content\/uploads\/2024\/03\/presse-.-1973-Montee-en-P1-du-BC-Andrimont-Mat-724x1024.jpg 724w, https:\/\/www.bcda.be\/wp-content\/uploads\/2024\/03\/presse-.-1973-Montee-en-P1-du-BC-Andrimont-Mat-212x300.jpg 212w, https:\/\/www.bcda.be\/wp-content\/uploads\/2024\/03\/presse-.-1973-Montee-en-P1-du-BC-Andrimont-Mat-768x1087.jpg 768w, https:\/\/www.bcda.be\/wp-content\/uploads\/2024\/03\/presse-.-1973-Montee-en-P1-du-BC-Andrimont-Mat-1086x1536.jpg 1086w, https:\/\/www.bcda.be\/wp-content\/uploads\/2024\/03\/presse-.-1973-Montee-en-P1-du-BC-Andrimont-Mat-1448x2048.jpg 1448w, https:\/\/www.bcda.be\/wp-content\/uploads\/2024\/03\/presse-.-1973-Montee-en-P1-du-BC-Andrimont-Mat-scaled.jpg 1809w\" sizes=\"auto, (max-width: 724px) 100vw, 724px\" \/><\/figure>\n\n\n\n<hr class=\"wp-block-separator has-alpha-channel-opacity\"\/>\n\n\n\n<p><strong>Presse &#8211; Fusion<\/strong><\/p>\n\n\n\n<p>Le BC Dison-Andrimont est issu de la fusion en 2003 du BC Dison jouant \u00e0 la bulle de Dison avec Andrimont BC jouant lui au hall omnisports. <\/p>\n\n\n\n<p>Ainsi est n\u00e9 le BC Dison-Andrimont. <\/p>\n\n\n\n<p>Pour permettre \u00e0 chaque club de garder leurs couleurs le bleu et blanc de l\u2019Ath\u00e9n\u00e9e Dison a \u00e9t\u00e9 conserv\u00e9 pour les \u00e9quipes hommes et le jaune et bleu pour les dames et les enfants.<\/p>\n\n\n\n<p>Le matricule 1215 d\u2019Andrimont a \u00e9t\u00e9 conserv\u00e9 pour le BCDA.<\/p>\n\n\n\n<figure class=\"wp-block-gallery has-nested-images columns-default is-cropped wp-block-gallery-1 is-layout-flex wp-block-gallery-is-layout-flex\">\n<figure class=\"wp-block-image size-large\"><a href=\"https:\/\/www.bcda.be\/wp-content\/uploads\/2021\/10\/FUSION-1-copie.jpg\"><img loading=\"lazy\" decoding=\"async\" width=\"618\" height=\"1024\" data-id=\"1156\" src=\"https:\/\/www.bcda.be\/wp-content\/uploads\/2021\/10\/FUSION-1-copie-618x1024.jpg\" alt=\"\" class=\"wp-image-1156\" srcset=\"https:\/\/www.bcda.be\/wp-content\/uploads\/2021\/10\/FUSION-1-copie-618x1024.jpg 618w, https:\/\/www.bcda.be\/wp-content\/uploads\/2021\/10\/FUSION-1-copie-181x300.jpg 181w, https:\/\/www.bcda.be\/wp-content\/uploads\/2021\/10\/FUSION-1-copie-768x1272.jpg 768w, https:\/\/www.bcda.be\/wp-content\/uploads\/2021\/10\/FUSION-1-copie-927x1536.jpg 927w, https:\/\/www.bcda.be\/wp-content\/uploads\/2021\/10\/FUSION-1-copie-1236x2048.jpg 1236w, https:\/\/www.bcda.be\/wp-content\/uploads\/2021\/10\/FUSION-1-copie.jpg 1260w\" sizes=\"auto, (max-width: 618px) 100vw, 618px\" \/><\/a><\/figure>\n<\/figure>\n\n\n\n<figure class=\"wp-block-gallery has-nested-images columns-default is-cropped wp-block-gallery-2 is-layout-flex wp-block-gallery-is-layout-flex\">\n<figure class=\"wp-block-image size-large\"><a href=\"https:\/\/www.bcda.be\/wp-content\/uploads\/2021\/10\/FUSION-2-copie.jpg\"><img loading=\"lazy\" decoding=\"async\" width=\"1024\" height=\"752\" data-id=\"1159\" src=\"https:\/\/www.bcda.be\/wp-content\/uploads\/2021\/10\/FUSION-2-copie-1024x752.jpg\" alt=\"\" class=\"wp-image-1159\" srcset=\"https:\/\/www.bcda.be\/wp-content\/uploads\/2021\/10\/FUSION-2-copie-1024x752.jpg 1024w, https:\/\/www.bcda.be\/wp-content\/uploads\/2021\/10\/FUSION-2-copie-300x220.jpg 300w, https:\/\/www.bcda.be\/wp-content\/uploads\/2021\/10\/FUSION-2-copie-768x564.jpg 768w, https:\/\/www.bcda.be\/wp-content\/uploads\/2021\/10\/FUSION-2-copie-1536x1128.jpg 1536w, https:\/\/www.bcda.be\/wp-content\/uploads\/2021\/10\/FUSION-2-copie-2048x1504.jpg 2048w\" sizes=\"auto, (max-width: 1024px) 100vw, 1024px\" \/><\/a><\/figure>\n<\/figure>\n\n\n\n<hr class=\"wp-block-separator has-alpha-channel-opacity\"\/>\n\n\n\n<p><strong>60 ans du club et titre Royal<\/strong><\/p>\n\n\n\n<p>le 22 juin 2024, le club a souffl\u00e9 ses 60 bougies. les d\u00e9marches ont \u00e9t\u00e9 \u00e9galement faites afin d&rsquo;obtenir le Titre <strong>ROYAL <\/strong>(plus de 50 ans d&rsquo;existence). Pour marquer le coup, un nouveau Logo Royal a \u00e9t\u00e9 mis en place.<\/p>\n\n\n\n<figure class=\"wp-block-image size-full is-resized\"><img loading=\"lazy\" decoding=\"async\" width=\"512\" height=\"512\" src=\"https:\/\/www.bcda.be\/wp-content\/uploads\/2024\/09\/cropped-blason-6-small.png\" alt=\"\" class=\"wp-image-6681\" style=\"width:206px;height:auto\" srcset=\"https:\/\/www.bcda.be\/wp-content\/uploads\/2024\/09\/cropped-blason-6-small.png 512w, https:\/\/www.bcda.be\/wp-content\/uploads\/2024\/09\/cropped-blason-6-small-300x300.png 300w, https:\/\/www.bcda.be\/wp-content\/uploads\/2024\/09\/cropped-blason-6-small-150x150.png 150w, https:\/\/www.bcda.be\/wp-content\/uploads\/2024\/09\/cropped-blason-6-small-270x270.png 270w, https:\/\/www.bcda.be\/wp-content\/uploads\/2024\/09\/cropped-blason-6-small-192x192.png 192w, https:\/\/www.bcda.be\/wp-content\/uploads\/2024\/09\/cropped-blason-6-small-180x180.png 180w, https:\/\/www.bcda.be\/wp-content\/uploads\/2024\/09\/cropped-blason-6-small-32x32.png 32w\" sizes=\"auto, (max-width: 512px) 100vw, 512px\" \/><\/figure>\n\n\n<div class=\"wp-block-image\">\n<figure class=\"aligncenter size-full is-resized\"><img loading=\"lazy\" decoding=\"async\" width=\"612\" height=\"864\" src=\"https:\/\/www.bcda.be\/wp-content\/uploads\/2024\/11\/Capture-decran-2024-11-13-142155.jpg\" alt=\"\" class=\"wp-image-7402\" style=\"width:840px;height:auto\" srcset=\"https:\/\/www.bcda.be\/wp-content\/uploads\/2024\/11\/Capture-decran-2024-11-13-142155.jpg 612w, https:\/\/www.bcda.be\/wp-content\/uploads\/2024\/11\/Capture-decran-2024-11-13-142155-213x300.jpg 213w\" sizes=\"auto, (max-width: 612px) 100vw, 612px\" \/><\/figure>\n<\/div>\n\n<div class=\"wp-block-image\">\n<figure class=\"aligncenter size-large is-resized\"><img loading=\"lazy\" decoding=\"async\" width=\"1024\" height=\"683\" src=\"https:\/\/www.bcda.be\/wp-content\/uploads\/2024\/11\/24-11-12-Titre-de-royal-19-1024x683.jpg\" alt=\"\" class=\"wp-image-7405\" style=\"width:580px;height:auto\" srcset=\"https:\/\/www.bcda.be\/wp-content\/uploads\/2024\/11\/24-11-12-Titre-de-royal-19-1024x683.jpg 1024w, https:\/\/www.bcda.be\/wp-content\/uploads\/2024\/11\/24-11-12-Titre-de-royal-19-300x200.jpg 300w, https:\/\/www.bcda.be\/wp-content\/uploads\/2024\/11\/24-11-12-Titre-de-royal-19-768x512.jpg 768w, https:\/\/www.bcda.be\/wp-content\/uploads\/2024\/11\/24-11-12-Titre-de-royal-19-1536x1024.jpg 1536w, https:\/\/www.bcda.be\/wp-content\/uploads\/2024\/11\/24-11-12-Titre-de-royal-19-2048x1365.jpg 2048w\" sizes=\"auto, (max-width: 1024px) 100vw, 1024px\" \/><\/figure>\n<\/div>","protected":false},"excerpt":{"rendered":"<p>D\u2019abord cr\u00e9\u00e9 sous le nom MARY-PPV le 25 juin 1964 le club a d\u2019abord jou\u00e9 sous les couleur vertes et blanches sur le terrain ext\u00e9rieur de la plaine du Mary a Andrimont. Plus ou moins un an plus tard le club changeait de nom pour devenir Andrimont Basket Club (A.B.C.) sous les couleur jaune et [&hellip;]<\/p>\n","protected":false},"author":2,"featured_media":0,"parent":0,"menu_order":0,"comment_status":"closed","ping_status":"closed","template":"template-fullwidth.php","meta":{"footnotes":""},"class_list":["post-85","page","type-page","status-publish","hentry"],"_links":{"self":[{"href":"https:\/\/www.bcda.be\/index.php\/wp-json\/wp\/v2\/pages\/85","targetHints":{"allow":["GET"]}}],"collection":[{"href":"https:\/\/www.bcda.be\/index.php\/wp-json\/wp\/v2\/pages"}],"about":[{"href":"https:\/\/www.bcda.be\/index.php\/wp-json\/wp\/v2\/types\/page"}],"author":[{"embeddable":true,"href":"https:\/\/www.bcda.be\/index.php\/wp-json\/wp\/v2\/users\/2"}],"replies":[{"embeddable":true,"href":"https:\/\/www.bcda.be\/index.php\/wp-json\/wp\/v2\/comments?post=85"}],"version-history":[{"count":14,"href":"https:\/\/www.bcda.be\/index.php\/wp-json\/wp\/v2\/pages\/85\/revisions"}],"predecessor-version":[{"id":7406,"href":"https:\/\/www.bcda.be\/index.php\/wp-json\/wp\/v2\/pages\/85\/revisions\/7406"}],"wp:attachment":[{"href":"https:\/\/www.bcda.be\/index.php\/wp-json\/wp\/v2\/media?parent=85"}],"curies":[{"name":"wp","href":"https:\/\/api.w.org\/{rel}","templated":true}]}}